{"id":136,"date":"2023-09-03T19:21:25","date_gmt":"2023-09-03T18:21:25","guid":{"rendered":"https:\/\/raggiefishingtenerife.com\/?page_id=136"},"modified":"2023-09-03T21:09:50","modified_gmt":"2023-09-03T20:09:50","slug":"fotos","status":"publish","type":"page","link":"https:\/\/raggiefishingtenerife.com\/en\/fotos\/","title":{"rendered":"Photos"},"content":{"rendered":"<div class=\"wp-block-group is-layout-constrained\"><div class=\"wp-block-group__inner-container\"><\/div><\/div>","protected":false},"excerpt":{"rendered":"","protected":false},"author":1,"featured_media":0,"parent":0,"menu_order":0,"comment_status":"closed","ping_status":"closed","template":"page-galeria.php","meta":[],"yoast_head":"<!-- This site is optimized with the Yoast SEO plugin v21.0 - https:\/\/yoast.com\/wordpress\/plugins\/seo\/ -->\n<title>Fotos - Pesca deportiva en Tenerife - Raggie Fishing<\/title>\n<meta name=\"robots\" content=\"index, follow, max-snippet:-1, max-image-preview:large, max-video-preview:-1\" \/>\n<link rel=\"canonical\" href=\"https:\/\/raggiefishingtenerife.com\/en\/fotos\/\" \/>\n<meta property=\"og:locale\" content=\"en_US\" \/>\n<meta property=\"og:type\" content=\"article\" \/>\n<meta property=\"og:title\" content=\"Fotos - Pesca deportiva en Tenerife - Raggie Fishing\" \/>\n<meta property=\"og:url\" content=\"https:\/\/raggiefishingtenerife.com\/en\/fotos\/\" \/>\n<meta property=\"og:site_name\" content=\"Pesca deportiva en Tenerife - Raggie Fishing\" \/>\n<meta property=\"article:modified_time\" content=\"2023-09-03T20:09:50+00:00\" \/>\n<meta name=\"twitter:card\" content=\"summary_large_image\" \/>\n<script type=\"application\/ld+json\" class=\"yoast-schema-graph\">{\"@context\":\"https:\/\/schema.org\",\"@graph\":[{\"@type\":\"WebPage\",\"@id\":\"https:\/\/raggiefishingtenerife.com\/fotos\/\",\"url\":\"https:\/\/raggiefishingtenerife.com\/fotos\/\",\"name\":\"Fotos - Pesca deportiva en Tenerife - Raggie Fishing\",\"isPartOf\":{\"@id\":\"https:\/\/raggiefishingtenerife.com\/#website\"},\"datePublished\":\"2023-09-03T18:21:25+00:00\",\"dateModified\":\"2023-09-03T20:09:50+00:00\",\"breadcrumb\":{\"@id\":\"https:\/\/raggiefishingtenerife.com\/fotos\/#breadcrumb\"},\"inLanguage\":\"en-US\",\"potentialAction\":[{\"@type\":\"ReadAction\",\"target\":[\"https:\/\/raggiefishingtenerife.com\/fotos\/\"]}]},{\"@type\":\"BreadcrumbList\",\"@id\":\"https:\/\/raggiefishingtenerife.com\/fotos\/#breadcrumb\",\"itemListElement\":[{\"@type\":\"ListItem\",\"position\":1,\"name\":\"Portada\",\"item\":\"https:\/\/raggiefishingtenerife.com\/\"},{\"@type\":\"ListItem\",\"position\":2,\"name\":\"Fotos\"}]},{\"@type\":\"WebSite\",\"@id\":\"https:\/\/raggiefishingtenerife.com\/#website\",\"url\":\"https:\/\/raggiefishingtenerife.com\/\",\"name\":\"Pesca deportiva en Tenerife - Raggie Fishing\",\"description\":\"Pesca exclusiva y personalizada en Tenerife. Alquila un charter privado con una tripulaci\u00f3n experta para la emocionante pesca de at\u00fan y marl\u00edn en alta mar  privacidad y confort\",\"potentialAction\":[{\"@type\":\"SearchAction\",\"target\":{\"@type\":\"EntryPoint\",\"urlTemplate\":\"https:\/\/raggiefishingtenerife.com\/?s={search_term_string}\"},\"query-input\":\"required name=search_term_string\"}],\"inLanguage\":\"en-US\"}]}<\/script>\n<!-- \/ Yoast SEO plugin. -->","yoast_head_json":{"title":"Fotos - Pesca deportiva en Tenerife - Raggie Fishing","robots":{"index":"index","follow":"follow","max-snippet":"max-snippet:-1","max-image-preview":"max-image-preview:large","max-video-preview":"max-video-preview:-1"},"canonical":"https:\/\/raggiefishingtenerife.com\/en\/fotos\/","og_locale":"en_US","og_type":"article","og_title":"Fotos - Pesca deportiva en Tenerife - Raggie Fishing","og_url":"https:\/\/raggiefishingtenerife.com\/en\/fotos\/","og_site_name":"Pesca deportiva en Tenerife - Raggie Fishing","article_modified_time":"2023-09-03T20:09:50+00:00","twitter_card":"summary_large_image","schema":{"@context":"https:\/\/schema.org","@graph":[{"@type":"WebPage","@id":"https:\/\/raggiefishingtenerife.com\/fotos\/","url":"https:\/\/raggiefishingtenerife.com\/fotos\/","name":"Fotos - Pesca deportiva en Tenerife - Raggie Fishing","isPartOf":{"@id":"https:\/\/raggiefishingtenerife.com\/#website"},"datePublished":"2023-09-03T18:21:25+00:00","dateModified":"2023-09-03T20:09:50+00:00","breadcrumb":{"@id":"https:\/\/raggiefishingtenerife.com\/fotos\/#breadcrumb"},"inLanguage":"en-US","potentialAction":[{"@type":"ReadAction","target":["https:\/\/raggiefishingtenerife.com\/fotos\/"]}]},{"@type":"BreadcrumbList","@id":"https:\/\/raggiefishingtenerife.com\/fotos\/#breadcrumb","itemListElement":[{"@type":"ListItem","position":1,"name":"Portada","item":"https:\/\/raggiefishingtenerife.com\/"},{"@type":"ListItem","position":2,"name":"Fotos"}]},{"@type":"WebSite","@id":"https:\/\/raggiefishingtenerife.com\/#website","url":"https:\/\/raggiefishingtenerife.com\/","name":"Pesca deportiva en Tenerife - Raggie Fishing","description":"Pesca exclusiva y personalizada en Tenerife. Alquila un charter privado con una tripulaci\u00f3n experta para la emocionante pesca de at\u00fan y marl\u00edn en alta mar  privacidad y confort","potentialAction":[{"@type":"SearchAction","target":{"@type":"EntryPoint","urlTemplate":"https:\/\/raggiefishingtenerife.com\/?s={search_term_string}"},"query-input":"required name=search_term_string"}],"inLanguage":"en-US"}]}},"_links":{"self":[{"href":"https:\/\/raggiefishingtenerife.com\/en\/wp-json\/wp\/v2\/pages\/136"}],"collection":[{"href":"https:\/\/raggiefishingtenerife.com\/en\/wp-json\/wp\/v2\/pages"}],"about":[{"href":"https:\/\/raggiefishingtenerife.com\/en\/wp-json\/wp\/v2\/types\/page"}],"author":[{"embeddable":true,"href":"https:\/\/raggiefishingtenerife.com\/en\/wp-json\/wp\/v2\/users\/1"}],"replies":[{"embeddable":true,"href":"https:\/\/raggiefishingtenerife.com\/en\/wp-json\/wp\/v2\/comments?post=136"}],"version-history":[{"count":3,"href":"https:\/\/raggiefishingtenerife.com\/en\/wp-json\/wp\/v2\/pages\/136\/revisions"}],"predecessor-version":[{"id":150,"href":"https:\/\/raggiefishingtenerife.com\/en\/wp-json\/wp\/v2\/pages\/136\/revisions\/150"}],"wp:attachment":[{"href":"https:\/\/raggiefishingtenerife.com\/en\/wp-json\/wp\/v2\/media?parent=136"}],"curies":[{"name":"wp","href":"https:\/\/api.w.org\/{rel}","templated":true}]}}