{"id":15,"date":"2023-05-22T18:55:46","date_gmt":"2023-05-22T17:55:46","guid":{"rendered":"https:\/\/raggiefishingtenerife.com\/?page_id=15"},"modified":"2023-09-16T10:31:21","modified_gmt":"2023-09-16T09:31:21","slug":"raggie-fishing-tenerife","status":"publish","type":"page","link":"https:\/\/raggiefishingtenerife.com\/en\/","title":{"rendered":"Raggie Fishing Tenerife"},"content":{"rendered":"<p>Do you want to experience <strong>sport fishing in Tenerife?<\/strong>Whether you are a beginner or an experienced angler looking to relive a past experience, we offer the best technology and fishing equipment on board our modern boat! Enjoy an exciting fishing adventure in Tenerife. Reserve your spot now!<\/p>\n\n\n\n<p><br><strong>An unforgettable fishing session with an experienced captain<\/strong><\/p>\n\n\n\n<p><br>Captain Ra\u00fal is your man! With <strong>years of experience<\/strong>we trust you will have a fantastic journey filled with knowledge and wonderful memories. Join us for a unique fishing experience with <strong>Captain Ra\u00fal<\/strong>!<\/p>","protected":false},"excerpt":{"rendered":"<p>\u00bfQuieres experimentar la pesca deportiva en Tenerife? Ya sea que seas un principiante o un pescador experimentado que busca revivir una experiencia pasada, \u00a1te ofrecemos la mejor tecnolog\u00eda y equipo de pesca a bordo del moderno barco! Disfruta de una emocionante aventura de pesca en Tenerife. \u00a1Reserva tu lugar ahora! Una inolvidable sesi\u00f3n de pesca [&hellip;]<\/p>","protected":false},"author":1,"featured_media":11,"parent":0,"menu_order":0,"comment_status":"closed","ping_status":"closed","template":"page-portada.php","meta":[],"yoast_head":"<!-- This site is optimized with the Yoast SEO plugin v21.0 - https:\/\/yoast.com\/wordpress\/plugins\/seo\/ -->\n<title>Pesca deportiva en Tenerife - Raggie Fishing<\/title>\n<meta name=\"description\" content=\"Pesca exclusiva y personalizada en Tenerife. Alquila un charter privado con una tripulaci\u00f3n experta para la emocionante pesca de at\u00fan y marl\u00edn en alta mar privacidad y confort\" \/>\n<meta name=\"robots\" content=\"index, follow, max-snippet:-1, max-image-preview:large, max-video-preview:-1\" \/>\n<link rel=\"canonical\" href=\"https:\/\/raggiefishingtenerife.com\/en\/\" \/>\n<meta property=\"og:locale\" content=\"en_US\" \/>\n<meta property=\"og:type\" content=\"article\" \/>\n<meta property=\"og:title\" content=\"Pesca deportiva en Tenerife - Raggie Fishing\" \/>\n<meta property=\"og:description\" content=\"Pesca exclusiva y personalizada en Tenerife. Alquila un charter privado con una tripulaci\u00f3n experta para la emocionante pesca de at\u00fan y marl\u00edn en alta mar privacidad y confort\" \/>\n<meta property=\"og:url\" content=\"https:\/\/raggiefishingtenerife.com\/en\/\" \/>\n<meta property=\"og:site_name\" content=\"Pesca deportiva en Tenerife - Raggie Fishing\" \/>\n<meta property=\"article:modified_time\" content=\"2023-09-16T09:31:21+00:00\" \/>\n<meta property=\"og:image\" content=\"https:\/\/raggiefishingtenerife.com\/wp-content\/uploads\/2023\/05\/WhatsApp-Image-2023-02-17-at-12.10.36-1.jpeg\" \/>\n\t<meta property=\"og:image:width\" content=\"1024\" \/>\n\t<meta property=\"og:image:height\" content=\"768\" \/>\n\t<meta property=\"og:image:type\" content=\"image\/jpeg\" \/>\n<meta name=\"twitter:card\" content=\"summary_large_image\" \/>\n<meta name=\"twitter:label1\" content=\"Est. reading time\" \/>\n\t<meta name=\"twitter:data1\" content=\"1 minute\" \/>\n<script type=\"application\/ld+json\" class=\"yoast-schema-graph\">{\"@context\":\"https:\/\/schema.org\",\"@graph\":[{\"@type\":\"WebPage\",\"@id\":\"https:\/\/raggiefishingtenerife.com\/\",\"url\":\"https:\/\/raggiefishingtenerife.com\/\",\"name\":\"Pesca deportiva en Tenerife - Raggie Fishing\",\"isPartOf\":{\"@id\":\"https:\/\/raggiefishingtenerife.com\/#website\"},\"datePublished\":\"2023-05-22T17:55:46+00:00\",\"dateModified\":\"2023-09-16T09:31:21+00:00\",\"description\":\"Pesca exclusiva y personalizada en Tenerife. Alquila un charter privado con una tripulaci\u00f3n experta para la emocionante pesca de at\u00fan y marl\u00edn en alta mar privacidad y confort\",\"breadcrumb\":{\"@id\":\"https:\/\/raggiefishingtenerife.com\/#breadcrumb\"},\"inLanguage\":\"en-US\",\"potentialAction\":[{\"@type\":\"ReadAction\",\"target\":[\"https:\/\/raggiefishingtenerife.com\/\"]}]},{\"@type\":\"BreadcrumbList\",\"@id\":\"https:\/\/raggiefishingtenerife.com\/#breadcrumb\",\"itemListElement\":[{\"@type\":\"ListItem\",\"position\":1,\"name\":\"Portada\",\"item\":\"https:\/\/raggiefishingtenerife.com\/\"},{\"@type\":\"ListItem\",\"position\":2,\"name\":\"Raggie Fishing Tenerife\"}]},{\"@type\":\"WebSite\",\"@id\":\"https:\/\/raggiefishingtenerife.com\/#website\",\"url\":\"https:\/\/raggiefishingtenerife.com\/\",\"name\":\"Pesca deportiva en Tenerife - Raggie Fishing\",\"description\":\"Pesca exclusiva y personalizada en Tenerife. Alquila un charter privado con una tripulaci\u00f3n experta para la emocionante pesca de at\u00fan y marl\u00edn en alta mar  privacidad y confort\",\"potentialAction\":[{\"@type\":\"SearchAction\",\"target\":{\"@type\":\"EntryPoint\",\"urlTemplate\":\"https:\/\/raggiefishingtenerife.com\/?s={search_term_string}\"},\"query-input\":\"required name=search_term_string\"}],\"inLanguage\":\"en-US\"}]}<\/script>\n<!-- \/ Yoast SEO plugin. -->","yoast_head_json":{"title":"Pesca deportiva en Tenerife - Raggie Fishing","description":"Pesca exclusiva y personalizada en Tenerife. Alquila un charter privado con una tripulaci\u00f3n experta para la emocionante pesca de at\u00fan y marl\u00edn en alta mar privacidad y confort","robots":{"index":"index","follow":"follow","max-snippet":"max-snippet:-1","max-image-preview":"max-image-preview:large","max-video-preview":"max-video-preview:-1"},"canonical":"https:\/\/raggiefishingtenerife.com\/en\/","og_locale":"en_US","og_type":"article","og_title":"Pesca deportiva en Tenerife - Raggie Fishing","og_description":"Pesca exclusiva y personalizada en Tenerife. Alquila un charter privado con una tripulaci\u00f3n experta para la emocionante pesca de at\u00fan y marl\u00edn en alta mar privacidad y confort","og_url":"https:\/\/raggiefishingtenerife.com\/en\/","og_site_name":"Pesca deportiva en Tenerife - Raggie Fishing","article_modified_time":"2023-09-16T09:31:21+00:00","og_image":[{"width":1024,"height":768,"url":"https:\/\/raggiefishingtenerife.com\/wp-content\/uploads\/2023\/05\/WhatsApp-Image-2023-02-17-at-12.10.36-1.jpeg","type":"image\/jpeg"}],"twitter_card":"summary_large_image","twitter_misc":{"Est. reading time":"1 minute"},"schema":{"@context":"https:\/\/schema.org","@graph":[{"@type":"WebPage","@id":"https:\/\/raggiefishingtenerife.com\/","url":"https:\/\/raggiefishingtenerife.com\/","name":"Pesca deportiva en Tenerife - Raggie Fishing","isPartOf":{"@id":"https:\/\/raggiefishingtenerife.com\/#website"},"datePublished":"2023-05-22T17:55:46+00:00","dateModified":"2023-09-16T09:31:21+00:00","description":"Pesca exclusiva y personalizada en Tenerife. Alquila un charter privado con una tripulaci\u00f3n experta para la emocionante pesca de at\u00fan y marl\u00edn en alta mar privacidad y confort","breadcrumb":{"@id":"https:\/\/raggiefishingtenerife.com\/#breadcrumb"},"inLanguage":"en-US","potentialAction":[{"@type":"ReadAction","target":["https:\/\/raggiefishingtenerife.com\/"]}]},{"@type":"BreadcrumbList","@id":"https:\/\/raggiefishingtenerife.com\/#breadcrumb","itemListElement":[{"@type":"ListItem","position":1,"name":"Portada","item":"https:\/\/raggiefishingtenerife.com\/"},{"@type":"ListItem","position":2,"name":"Raggie Fishing Tenerife"}]},{"@type":"WebSite","@id":"https:\/\/raggiefishingtenerife.com\/#website","url":"https:\/\/raggiefishingtenerife.com\/","name":"Pesca deportiva en Tenerife - Raggie Fishing","description":"Pesca exclusiva y personalizada en Tenerife. Alquila un charter privado con una tripulaci\u00f3n experta para la emocionante pesca de at\u00fan y marl\u00edn en alta mar  privacidad y confort","potentialAction":[{"@type":"SearchAction","target":{"@type":"EntryPoint","urlTemplate":"https:\/\/raggiefishingtenerife.com\/?s={search_term_string}"},"query-input":"required name=search_term_string"}],"inLanguage":"en-US"}]}},"_links":{"self":[{"href":"https:\/\/raggiefishingtenerife.com\/en\/wp-json\/wp\/v2\/pages\/15"}],"collection":[{"href":"https:\/\/raggiefishingtenerife.com\/en\/wp-json\/wp\/v2\/pages"}],"about":[{"href":"https:\/\/raggiefishingtenerife.com\/en\/wp-json\/wp\/v2\/types\/page"}],"author":[{"embeddable":true,"href":"https:\/\/raggiefishingtenerife.com\/en\/wp-json\/wp\/v2\/users\/1"}],"replies":[{"embeddable":true,"href":"https:\/\/raggiefishingtenerife.com\/en\/wp-json\/wp\/v2\/comments?post=15"}],"version-history":[{"count":13,"href":"https:\/\/raggiefishingtenerife.com\/en\/wp-json\/wp\/v2\/pages\/15\/revisions"}],"predecessor-version":[{"id":177,"href":"https:\/\/raggiefishingtenerife.com\/en\/wp-json\/wp\/v2\/pages\/15\/revisions\/177"}],"wp:featuredmedia":[{"embeddable":true,"href":"https:\/\/raggiefishingtenerife.com\/en\/wp-json\/wp\/v2\/media\/11"}],"wp:attachment":[{"href":"https:\/\/raggiefishingtenerife.com\/en\/wp-json\/wp\/v2\/media?parent=15"}],"curies":[{"name":"wp","href":"https:\/\/api.w.org\/{rel}","templated":true}]}}